{"id":2690,"date":"2026-03-04T17:50:22","date_gmt":"2026-03-04T16:50:22","guid":{"rendered":"https:\/\/matronic.de\/?page_id=2690"},"modified":"2026-03-04T18:24:48","modified_gmt":"2026-03-04T17:24:48","slug":"environment-sustainability","status":"publish","type":"page","link":"https:\/\/matronic.de\/en\/unternehmen\/umwelt-nachhaltigkeit\/","title":{"rendered":"Environment \/ Sustainability"},"content":{"rendered":"<div data-elementor-type=\"wp-page\" data-elementor-id=\"2690\" class=\"elementor elementor-2690\" data-elementor-post-type=\"page\">\n\t\t\t\t<div class=\"elementor-element elementor-element-78be72e e-flex e-con-boxed e-con e-parent\" data-id=\"78be72e\" data-element_type=\"container\" data-e-type=\"container\" data-settings=\"{&quot;background_background&quot;:&quot;classic&quot;}\">\n\t\t\t\t\t<div class=\"e-con-inner\">\n\t\t<div class=\"elementor-element elementor-element-5a6b656 e-flex e-con-boxed e-con e-child\" data-id=\"5a6b656\" data-element_type=\"container\" data-e-type=\"container\">\n\t\t\t\t\t<div class=\"e-con-inner\">\n\t\t\t\t<div class=\"elementor-element elementor-element-71be6ad elementor-widget elementor-widget-heading\" data-id=\"71be6ad\" data-element_type=\"widget\" data-e-type=\"widget\" data-widget_type=\"heading.default\">\n\t\t\t\t<div class=\"elementor-widget-container\">\n\t\t\t\t\t<h1 class=\"elementor-heading-title elementor-size-default\">Environment \/ Sustainability<\/h1>\t\t\t\t<\/div>\n\t\t\t\t<\/div>\n\t\t\t\t\t<\/div>\n\t\t\t\t<\/div>\n\t\t\t\t\t<\/div>\n\t\t\t\t<\/div>\n\t\t<div class=\"elementor-element elementor-element-e0caa9d e-flex e-con-boxed e-con e-parent\" data-id=\"e0caa9d\" data-element_type=\"container\" data-e-type=\"container\" data-settings=\"{&quot;background_background&quot;:&quot;classic&quot;}\">\n\t\t\t\t\t<div class=\"e-con-inner\">\n\t\t<div class=\"elementor-element elementor-element-2db94d3 e-con-full e-flex e-con e-child\" data-id=\"2db94d3\" data-element_type=\"container\" data-e-type=\"container\">\n\t\t\t\t<div class=\"elementor-element elementor-element-4c4ca33 elementor-widget elementor-widget-heading\" data-id=\"4c4ca33\" data-element_type=\"widget\" data-e-type=\"widget\" data-widget_type=\"heading.default\">\n\t\t\t\t<div class=\"elementor-widget-container\">\n\t\t\t\t\t<p class=\"elementor-heading-title elementor-size-default\">Sustainable. Fair. Successful.<\/p>\t\t\t\t<\/div>\n\t\t\t\t<\/div>\n\t\t\t\t<div class=\"elementor-element elementor-element-4b0bdcf elementor-widget elementor-widget-heading\" data-id=\"4b0bdcf\" data-element_type=\"widget\" data-e-type=\"widget\" data-widget_type=\"heading.default\">\n\t\t\t\t<div class=\"elementor-widget-container\">\n\t\t\t\t\t<h2 class=\"elementor-heading-title elementor-size-default\">Sustainability and environmental protection principles<\/h2>\t\t\t\t<\/div>\n\t\t\t\t<\/div>\n\t\t\t\t<div class=\"elementor-element elementor-element-6ebed73 elementor-widget elementor-widget-text-editor\" data-id=\"6ebed73\" data-element_type=\"widget\" data-e-type=\"widget\" data-widget_type=\"text-editor.default\">\n\t\t\t\t<div class=\"elementor-widget-container\">\n\t\t\t\t\t\t\t\t\t<p>We want to achieve economic success through sustainable and environmentally friendly behaviour. The protection and preservation of our natural resources, climate protection and the reduction and avoidance of plastic waste are very important to us.<\/p><p>Our actions are based on acceptance and tolerance as well as compliance with national and international laws and standards. We also comply with the Universal Declaration of Human Rights, humanitarian working conditions and anti-discrimination principles.<\/p>\t\t\t\t\t\t\t\t<\/div>\n\t\t\t\t<\/div>\n\t\t\t\t<\/div>\n\t\t<div class=\"elementor-element elementor-element-0999a3d e-con-full e-flex e-con e-child\" data-id=\"0999a3d\" data-element_type=\"container\" data-e-type=\"container\">\n\t\t\t\t<div class=\"elementor-element elementor-element-aa4bac9 elementor-widget elementor-widget-heading\" data-id=\"aa4bac9\" data-element_type=\"widget\" data-e-type=\"widget\" data-widget_type=\"heading.default\">\n\t\t\t\t<div class=\"elementor-widget-container\">\n\t\t\t\t\t<h3 class=\"elementor-heading-title elementor-size-default\">Our environmental contributions<\/h3>\t\t\t\t<\/div>\n\t\t\t\t<\/div>\n\t\t\t\t<div class=\"elementor-element elementor-element-712ee62 elementor-widget elementor-widget-n-accordion\" data-id=\"712ee62\" data-element_type=\"widget\" data-e-type=\"widget\" data-settings=\"{&quot;default_state&quot;:&quot;all_collapsed&quot;,&quot;max_items_expended&quot;:&quot;one&quot;,&quot;n_accordion_animation_duration&quot;:{&quot;unit&quot;:&quot;ms&quot;,&quot;size&quot;:400,&quot;sizes&quot;:[]}}\" data-widget_type=\"nested-accordion.default\">\n\t\t\t\t<div class=\"elementor-widget-container\">\n\t\t\t\t\t\t\t<div class=\"e-n-accordion\" aria-label=\"Accordion. Open links with Enter or Space, close with Escape, and navigate with Arrow Keys\">\n\t\t\t\t\t\t<details id=\"e-n-accordion-item-1180\" class=\"e-n-accordion-item\" >\n\t\t\t\t<summary class=\"e-n-accordion-item-title\" data-accordion-index=\"1\" tabindex=\"0\" aria-expanded=\"false\" aria-controls=\"e-n-accordion-item-1180\" >\n\t\t\t\t\t<span class='e-n-accordion-item-title-header'><div class=\"e-n-accordion-item-title-text\"> Combined heat and power plant <\/div><\/span>\n\t\t\t\t\t\t\t<span class='e-n-accordion-item-title-icon'>\n\t\t\t<span class='e-opened' ><svg aria-hidden=\"true\" class=\"e-font-icon-svg e-fas-minus\" viewbox=\"0 0 448 512\" xmlns=\"http:\/\/www.w3.org\/2000\/svg\"><path d=\"M416 208H32c-17.67 0-32 14.33-32 32v32c0 17.67 14.33 32 32 32h384c17.67 0 32-14.33 32-32v-32c0-17.67-14.33-32-32-32z\"><\/path><\/svg><\/span>\n\t\t\t<span class='e-closed'><svg aria-hidden=\"true\" class=\"e-font-icon-svg e-fas-plus\" viewbox=\"0 0 448 512\" xmlns=\"http:\/\/www.w3.org\/2000\/svg\"><path d=\"M416 208H272V64c0-17.67-14.33-32-32-32h-32c-17.67 0-32 14.33-32 32v144H32c-17.67 0-32 14.33-32 32v32c0 17.67 14.33 32 32 32h144v144c0 17.67 14.33 32 32 32h32c17.67 0 32-14.33 32-32V304h144c17.67 0 32-14.33 32-32v-32c0-17.67-14.33-32-32-32z\"><\/path><\/svg><\/span>\n\t\t<\/span>\n\n\t\t\t\t\t\t<\/summary>\n\t\t\t\t<div role=\"region\" aria-labelledby=\"e-n-accordion-item-1180\" class=\"elementor-element elementor-element-ab6e98f e-con-full e-flex e-con e-child\" data-id=\"ab6e98f\" data-element_type=\"container\" data-e-type=\"container\" data-settings=\"{&quot;background_background&quot;:&quot;classic&quot;}\">\n\t\t\t\t<div class=\"elementor-element elementor-element-8fb1f2d elementor-widget elementor-widget-text-editor\" data-id=\"8fb1f2d\" data-element_type=\"widget\" data-e-type=\"widget\" data-widget_type=\"text-editor.default\">\n\t\t\t\t<div class=\"elementor-widget-container\">\n\t\t\t\t\t\t\t\t\tThe matronic has an environmentally friendly combined heat and power plant that supplies electricity as well as the required heat. The combined heat and power system achieves an overall utilisation rate of 105.2%. In addition, energy resources are conserved and CO2 emissions are reduced.\t\t\t\t\t\t\t\t<\/div>\n\t\t\t\t<\/div>\n\t\t\t\t<\/div>\n\t\t\t\t\t<\/details>\n\t\t\t\t\t\t<details id=\"e-n-accordion-item-1181\" class=\"e-n-accordion-item\" >\n\t\t\t\t<summary class=\"e-n-accordion-item-title\" data-accordion-index=\"2\" tabindex=\"-1\" aria-expanded=\"false\" aria-controls=\"e-n-accordion-item-1181\" >\n\t\t\t\t\t<span class='e-n-accordion-item-title-header'><div class=\"e-n-accordion-item-title-text\"> Environmentally friendly packaging <\/div><\/span>\n\t\t\t\t\t\t\t<span class='e-n-accordion-item-title-icon'>\n\t\t\t<span class='e-opened' ><svg aria-hidden=\"true\" class=\"e-font-icon-svg e-fas-minus\" viewbox=\"0 0 448 512\" xmlns=\"http:\/\/www.w3.org\/2000\/svg\"><path d=\"M416 208H32c-17.67 0-32 14.33-32 32v32c0 17.67 14.33 32 32 32h384c17.67 0 32-14.33 32-32v-32c0-17.67-14.33-32-32-32z\"><\/path><\/svg><\/span>\n\t\t\t<span class='e-closed'><svg aria-hidden=\"true\" class=\"e-font-icon-svg e-fas-plus\" viewbox=\"0 0 448 512\" xmlns=\"http:\/\/www.w3.org\/2000\/svg\"><path d=\"M416 208H272V64c0-17.67-14.33-32-32-32h-32c-17.67 0-32 14.33-32 32v144H32c-17.67 0-32 14.33-32 32v32c0 17.67 14.33 32 32 32h144v144c0 17.67 14.33 32 32 32h32c17.67 0 32-14.33 32-32V304h144c17.67 0 32-14.33 32-32v-32c0-17.67-14.33-32-32-32z\"><\/path><\/svg><\/span>\n\t\t<\/span>\n\n\t\t\t\t\t\t<\/summary>\n\t\t\t\t<div role=\"region\" aria-labelledby=\"e-n-accordion-item-1181\" class=\"elementor-element elementor-element-630ea65 e-con-full e-flex e-con e-child\" data-id=\"630ea65\" data-element_type=\"container\" data-e-type=\"container\">\n\t\t\t\t<div class=\"elementor-element elementor-element-2067b53 elementor-widget elementor-widget-text-editor\" data-id=\"2067b53\" data-element_type=\"widget\" data-e-type=\"widget\" data-widget_type=\"text-editor.default\">\n\t\t\t\t<div class=\"elementor-widget-container\">\n\t\t\t\t\t\t\t\t\t<p>To protect the environment, we largely use reusable cardboard boxes for outgoing goods. The goods delivered at goods inwards are unpacked and the corresponding cartons are collected in pallet cages and prepared for goods outwards. We are well on the way to using only paper as filling material in order to make the dispatch of goods more environmentally friendly.<\/p><p><strong>More environmentally friendly. More efficient. More successful.<\/strong><\/p>\t\t\t\t\t\t\t\t<\/div>\n\t\t\t\t<\/div>\n\t\t\t\t<\/div>\n\t\t\t\t\t<\/details>\n\t\t\t\t\t\t<details id=\"e-n-accordion-item-1182\" class=\"e-n-accordion-item\" >\n\t\t\t\t<summary class=\"e-n-accordion-item-title\" data-accordion-index=\"3\" tabindex=\"-1\" aria-expanded=\"false\" aria-controls=\"e-n-accordion-item-1182\" >\n\t\t\t\t\t<span class='e-n-accordion-item-title-header'><div class=\"e-n-accordion-item-title-text\"> Dispensing with plastic <\/div><\/span>\n\t\t\t\t\t\t\t<span class='e-n-accordion-item-title-icon'>\n\t\t\t<span class='e-opened' ><svg aria-hidden=\"true\" class=\"e-font-icon-svg e-fas-minus\" viewbox=\"0 0 448 512\" xmlns=\"http:\/\/www.w3.org\/2000\/svg\"><path d=\"M416 208H32c-17.67 0-32 14.33-32 32v32c0 17.67 14.33 32 32 32h384c17.67 0 32-14.33 32-32v-32c0-17.67-14.33-32-32-32z\"><\/path><\/svg><\/span>\n\t\t\t<span class='e-closed'><svg aria-hidden=\"true\" class=\"e-font-icon-svg e-fas-plus\" viewbox=\"0 0 448 512\" xmlns=\"http:\/\/www.w3.org\/2000\/svg\"><path d=\"M416 208H272V64c0-17.67-14.33-32-32-32h-32c-17.67 0-32 14.33-32 32v144H32c-17.67 0-32 14.33-32 32v32c0 17.67 14.33 32 32 32h144v144c0 17.67 14.33 32 32 32h32c17.67 0 32-14.33 32-32V304h144c17.67 0 32-14.33 32-32v-32c0-17.67-14.33-32-32-32z\"><\/path><\/svg><\/span>\n\t\t<\/span>\n\n\t\t\t\t\t\t<\/summary>\n\t\t\t\t<div role=\"region\" aria-labelledby=\"e-n-accordion-item-1182\" class=\"elementor-element elementor-element-52f59cc e-con-full e-flex e-con e-child\" data-id=\"52f59cc\" data-element_type=\"container\" data-e-type=\"container\">\n\t\t\t\t<div class=\"elementor-element elementor-element-282dae0 elementor-widget elementor-widget-text-editor\" data-id=\"282dae0\" data-element_type=\"widget\" data-e-type=\"widget\" data-widget_type=\"text-editor.default\">\n\t\t\t\t<div class=\"elementor-widget-container\">\n\t\t\t\t\t\t\t\t\tWe do without plastic drinking bottles and aluminium cans, and instead offer our employees and guests drinking water from our environmentally friendly drinking water dispenser, which is used to enrich the mineral-rich regional drinking water with carbon dioxide, as well as freshly ground coffee specialities.\t\t\t\t\t\t\t\t<\/div>\n\t\t\t\t<\/div>\n\t\t\t\t<\/div>\n\t\t\t\t\t<\/details>\n\t\t\t\t\t\t<details id=\"e-n-accordion-item-1183\" class=\"e-n-accordion-item\" >\n\t\t\t\t<summary class=\"e-n-accordion-item-title\" data-accordion-index=\"4\" tabindex=\"-1\" aria-expanded=\"false\" aria-controls=\"e-n-accordion-item-1183\" >\n\t\t\t\t\t<span class='e-n-accordion-item-title-header'><div class=\"e-n-accordion-item-title-text\"> In-house e-charging station  <\/div><\/span>\n\t\t\t\t\t\t\t<span class='e-n-accordion-item-title-icon'>\n\t\t\t<span class='e-opened' ><svg aria-hidden=\"true\" class=\"e-font-icon-svg e-fas-minus\" viewbox=\"0 0 448 512\" xmlns=\"http:\/\/www.w3.org\/2000\/svg\"><path d=\"M416 208H32c-17.67 0-32 14.33-32 32v32c0 17.67 14.33 32 32 32h384c17.67 0 32-14.33 32-32v-32c0-17.67-14.33-32-32-32z\"><\/path><\/svg><\/span>\n\t\t\t<span class='e-closed'><svg aria-hidden=\"true\" class=\"e-font-icon-svg e-fas-plus\" viewbox=\"0 0 448 512\" xmlns=\"http:\/\/www.w3.org\/2000\/svg\"><path d=\"M416 208H272V64c0-17.67-14.33-32-32-32h-32c-17.67 0-32 14.33-32 32v144H32c-17.67 0-32 14.33-32 32v32c0 17.67 14.33 32 32 32h144v144c0 17.67 14.33 32 32 32h32c17.67 0 32-14.33 32-32V304h144c17.67 0 32-14.33 32-32v-32c0-17.67-14.33-32-32-32z\"><\/path><\/svg><\/span>\n\t\t<\/span>\n\n\t\t\t\t\t\t<\/summary>\n\t\t\t\t<div role=\"region\" aria-labelledby=\"e-n-accordion-item-1183\" class=\"elementor-element elementor-element-7aada85 e-con-full e-flex e-con e-child\" data-id=\"7aada85\" data-element_type=\"container\" data-e-type=\"container\">\n\t\t\t\t<div class=\"elementor-element elementor-element-536d14d elementor-widget elementor-widget-text-editor\" data-id=\"536d14d\" data-element_type=\"widget\" data-e-type=\"widget\" data-widget_type=\"text-editor.default\">\n\t\t\t\t<div class=\"elementor-widget-container\">\n\t\t\t\t\t\t\t\t\tSince the beginning of 2019, matronic has had its own in-house charging station for electric cars. Customers, visitors and our own employees can charge their electric vehicles here. This is our way of promoting future-oriented electromobility.\t\t\t\t\t\t\t\t<\/div>\n\t\t\t\t<\/div>\n\t\t\t\t<\/div>\n\t\t\t\t\t<\/details>\n\t\t\t\t\t\t<details id=\"e-n-accordion-item-1184\" class=\"e-n-accordion-item\" >\n\t\t\t\t<summary class=\"e-n-accordion-item-title\" data-accordion-index=\"5\" tabindex=\"-1\" aria-expanded=\"false\" aria-controls=\"e-n-accordion-item-1184\" >\n\t\t\t\t\t<span class='e-n-accordion-item-title-header'><div class=\"e-n-accordion-item-title-text\"> T\u00fcbingen climate protection pact <\/div><\/span>\n\t\t\t\t\t\t\t<span class='e-n-accordion-item-title-icon'>\n\t\t\t<span class='e-opened' ><svg aria-hidden=\"true\" class=\"e-font-icon-svg e-fas-minus\" viewbox=\"0 0 448 512\" xmlns=\"http:\/\/www.w3.org\/2000\/svg\"><path d=\"M416 208H32c-17.67 0-32 14.33-32 32v32c0 17.67 14.33 32 32 32h384c17.67 0 32-14.33 32-32v-32c0-17.67-14.33-32-32-32z\"><\/path><\/svg><\/span>\n\t\t\t<span class='e-closed'><svg aria-hidden=\"true\" class=\"e-font-icon-svg e-fas-plus\" viewbox=\"0 0 448 512\" xmlns=\"http:\/\/www.w3.org\/2000\/svg\"><path d=\"M416 208H272V64c0-17.67-14.33-32-32-32h-32c-17.67 0-32 14.33-32 32v144H32c-17.67 0-32 14.33-32 32v32c0 17.67 14.33 32 32 32h144v144c0 17.67 14.33 32 32 32h32c17.67 0 32-14.33 32-32V304h144c17.67 0 32-14.33 32-32v-32c0-17.67-14.33-32-32-32z\"><\/path><\/svg><\/span>\n\t\t<\/span>\n\n\t\t\t\t\t\t<\/summary>\n\t\t\t\t<div role=\"region\" aria-labelledby=\"e-n-accordion-item-1184\" class=\"elementor-element elementor-element-ad6b8b2 e-con-full e-flex e-con e-child\" data-id=\"ad6b8b2\" data-element_type=\"container\" data-e-type=\"container\">\n\t\t\t\t<div class=\"elementor-element elementor-element-d00557f elementor-widget elementor-widget-text-editor\" data-id=\"d00557f\" data-element_type=\"widget\" data-e-type=\"widget\" data-widget_type=\"text-editor.default\">\n\t\t\t\t<div class=\"elementor-widget-container\">\n\t\t\t\t\t\t\t\t\t<p>The University City of T\u00fcbingen has set itself the goal of reducing CO\u00b2 emissions by 25 per cent by 2022 compared to 2014 and becoming climate-neutral by 2030 as a contribution to the Paris Climate Protection Agreement.<\/p><p>We are part of the global movement for climate protection and support the University City of T\u00fcbingen in achieving its ambitious climate protection targets within the scope of our own options.<\/p>\t\t\t\t\t\t\t\t<\/div>\n\t\t\t\t<\/div>\n\t\t\t\t<\/div>\n\t\t\t\t\t<\/details>\n\t\t\t\t\t\t<details id=\"e-n-accordion-item-1185\" class=\"e-n-accordion-item\" >\n\t\t\t\t<summary class=\"e-n-accordion-item-title\" data-accordion-index=\"6\" tabindex=\"-1\" aria-expanded=\"false\" aria-controls=\"e-n-accordion-item-1185\" >\n\t\t\t\t\t<span class='e-n-accordion-item-title-header'><div class=\"e-n-accordion-item-title-text\"> Packaging Act <\/div><\/span>\n\t\t\t\t\t\t\t<span class='e-n-accordion-item-title-icon'>\n\t\t\t<span class='e-opened' ><svg aria-hidden=\"true\" class=\"e-font-icon-svg e-fas-minus\" viewbox=\"0 0 448 512\" xmlns=\"http:\/\/www.w3.org\/2000\/svg\"><path d=\"M416 208H32c-17.67 0-32 14.33-32 32v32c0 17.67 14.33 32 32 32h384c17.67 0 32-14.33 32-32v-32c0-17.67-14.33-32-32-32z\"><\/path><\/svg><\/span>\n\t\t\t<span class='e-closed'><svg aria-hidden=\"true\" class=\"e-font-icon-svg e-fas-plus\" viewbox=\"0 0 448 512\" xmlns=\"http:\/\/www.w3.org\/2000\/svg\"><path d=\"M416 208H272V64c0-17.67-14.33-32-32-32h-32c-17.67 0-32 14.33-32 32v144H32c-17.67 0-32 14.33-32 32v32c0 17.67 14.33 32 32 32h144v144c0 17.67 14.33 32 32 32h32c17.67 0 32-14.33 32-32V304h144c17.67 0 32-14.33 32-32v-32c0-17.67-14.33-32-32-32z\"><\/path><\/svg><\/span>\n\t\t<\/span>\n\n\t\t\t\t\t\t<\/summary>\n\t\t\t\t<div role=\"region\" aria-labelledby=\"e-n-accordion-item-1185\" class=\"elementor-element elementor-element-b06a82b e-con-full e-flex e-con e-child\" data-id=\"b06a82b\" data-element_type=\"container\" data-e-type=\"container\">\n\t\t\t\t<div class=\"elementor-element elementor-element-c11c262 elementor-widget elementor-widget-text-editor\" data-id=\"c11c262\" data-element_type=\"widget\" data-e-type=\"widget\" data-widget_type=\"text-editor.default\">\n\t\t\t\t<div class=\"elementor-widget-container\">\n\t\t\t\t\t\t\t\t\tWe are registered in the Lucid Packaging Register. Our wholesale company only does B2B business (suppliers) and uses environmentally friendly transport packaging (cardboard boxes). We offer our customers the return of our delivered packaging after prior notification by telephone 07071 \/ 944494\t\t\t\t\t\t\t\t<\/div>\n\t\t\t\t<\/div>\n\t\t\t\t<\/div>\n\t\t\t\t\t<\/details>\n\t\t\t\t\t<\/div>\n\t\t\t\t\t\t<\/div>\n\t\t\t\t<\/div>\n\t\t\t\t<\/div>\n\t\t\t\t\t<\/div>\n\t\t\t\t<\/div>\n\t\t<div class=\"elementor-element elementor-element-6f931de e-flex e-con-boxed e-con e-parent\" data-id=\"6f931de\" data-element_type=\"container\" data-e-type=\"container\" data-settings=\"{&quot;background_background&quot;:&quot;classic&quot;}\">\n\t\t\t\t\t<div class=\"e-con-inner\">\n\t\t<div class=\"elementor-element elementor-element-1c14e95 e-con-full e-flex e-con e-child\" data-id=\"1c14e95\" data-element_type=\"container\" data-e-type=\"container\">\n\t\t<div class=\"elementor-element elementor-element-9f444dd e-con-full e-flex e-con e-child\" data-id=\"9f444dd\" data-element_type=\"container\" data-e-type=\"container\">\n\t\t<div class=\"elementor-element elementor-element-57400f1 animated-slow e-con-full e-flex elementor-invisible e-con e-child\" data-id=\"57400f1\" data-element_type=\"container\" data-e-type=\"container\" data-settings=\"{&quot;animation&quot;:&quot;fadeIn&quot;,&quot;animation_delay&quot;:40,&quot;background_background&quot;:&quot;classic&quot;}\">\n\t\t<div class=\"elementor-element elementor-element-c8d826a e-con-full e-flex e-con e-child\" data-id=\"c8d826a\" data-element_type=\"container\" data-e-type=\"container\" data-settings=\"{&quot;background_background&quot;:&quot;classic&quot;}\">\n\t\t\t\t<div class=\"elementor-element elementor-element-c33ac1b elementor-view-default elementor-widget elementor-widget-icon\" data-id=\"c33ac1b\" data-element_type=\"widget\" data-e-type=\"widget\" data-widget_type=\"icon.default\">\n\t\t\t\t<div class=\"elementor-widget-container\">\n\t\t\t\t\t\t\t<div class=\"elementor-icon-wrapper\">\n\t\t\t<div class=\"elementor-icon\">\n\t\t\t<svg xmlns=\"http:\/\/www.w3.org\/2000\/svg\" viewbox=\"0 0 569.62 537.1\"><g transform=\"translate(-81.82 -21.67)\"><path d=\"m650.81 301.46c-8.12-9.19-12.6-9.86-24-3.59q-70.18 38.65-140.54 77.37l-55.86 30.76-4.18-3.72c1.2-.72 2.34-1.41 3.47-2l72.89-40.28 63.87-35.21c13.23-7.29 14.85-12.91 7.57-26.13l-8.52-15.45c-19.51-35.44-39.79-72.13-59.73-108.21-1.32-2.39-2.83-4.61-4.29-6.75-.42-.62-.84-1.23-1.24-1.84l5.33-18.24q6.82-23.34 13.66-46.76c2.3-7.89 5.32-18.28 8.26-28.68 3.22-11.38-.19-17.62-11.41-20.88l-40.09-11.58q-27.15-7.86-54.28-15.74c-1.64-.48-3.31-1.13-4.93-1.77-.81-.32-1.61-.63-2.42-.93l-.42-.16h-7.16l-.75 1c-.87 1.19-1.92 2.4-2.93 3.56-2.44 2.81-5 5.71-6.06 9.29-7.14 23.46-14 47.42-20.64 70.62q-2.37 8.3-4.75 16.6c-3.34 11.63-.15 17.47 11.37 20.81q24.47 7.13 48.94 14.2l2 .6q19.11 5.52 38.2 11.07c1 .3 2.06.63 3.18 1-1 .58-1.9 1.1-2.82 1.6l-79.76 43.72-95.24 52.26c-5.91 3.24-8.9 6.21-10 9.93s-.15 7.84 3.11 13.77q10.8 19.65 21.62 39.28 13.25 24.07 26.49 48.14c.69 1.25 1.34 2.59 2 3.89-2.16.9-4.26 1.7-5 1.49s-2.11-2.65-3.65-5.46l-29.43-53.64c-34.56-63-70.3-128.12-105.28-192.27-4.31-7.91-10.11-11.46-18.8-11.51-17.83-.1-36-.4-53.54-.68l-26.7-.41c-9.79-.07-16.14 4.84-16.5 12.91a12.43 12.43 0 0 0 3.36 9.25c2.92 3.11 7.5 4.88 12.88 5l16.72.32c17.93.34 36.47.7 54.72.77 4.58 0 6.65 1.25 8.85 5.27 27.19 49.65 55 100.05 81.82 148.8l.13.24 24.06 43.68q9.87 17.91 19.69 35.82l8.3 15.11c-19.4 16-31.19 36.84-34.13 60.28a89.47 89.47 0 0 0 89.35 100.83 87.76 87.76 0 0 0 38.72-8.87c19.77-9.61 34.19-24.52 42.84-44.31 11.12-25.41 10.47-51.42-1.91-77.34l.68-.41c1.63-1 3.17-1.87 4.7-2.72l45.29-25.06c46.29-25.6 94.16-52.09 141.17-78.21a52.54 52.54 0 0 0 8-5.85c1.1-.92 2.24-1.86 3.37-2.73l1-.75v-10.39zm-203.95-53.21c-3.15-5.94-6.38-11.79-9.81-18q-1.73-3.11-3.49-6.33l52.44-28.92 60.47 109.82-29.63 16.34-61.6 34q-4.68 2.56-9.34 5.15l-1.22.68c-13.46 7.43-27.37 15.12-41.24 22.4-1.74.92-4.76 1.12-8.51.58-6.3-.91-13-2.23-21.65-4.3-1.74-.41-3.6-1.46-4.06-2.28-14.22-25.26-27.9-49.9-42.38-76l-7.95-14.39 52.45-28.9 3.09 5.63.23.42c3.35 6.1 6.51 11.85 9.77 17.68 5.4 9.66 12.14 11.62 21.86 6.38 12.81-6.91 24.09-13.13 34.51-19 9.01-5.11 10.94-11.76 6.06-20.96zm-37.65 177.2a61.56 61.56 0 0 1 18.27 43.89c0 16.86-6.05 32.42-17.14 43.81a59.16 59.16 0 0 1 -42.7 17.68h-.11a62.4 62.4 0 0 1 -62.57-62 60.84 60.84 0 0 1 17.49-43.8 59.42 59.42 0 0 1 42.55-17.61h.06a62.27 62.27 0 0 1 44.15 18.03zm35.72-361.1c-1.21 5.07-2.45 10.31.24 14.59 1.71 2.72 4.71 4.51 9.15 5.47 12.75 2.8 15.68-7.41 17.75-14.91.28-1 .54-1.93.82-2.84l26.11 7.6-19.71 68-78.96-22.26 19.67-68 26 7.54c-.29 1.51-.68 3.18-1.07 4.81zm-41.58 195.48-8.18-14.27 14.3-8.44 8.28 14.49z\"><\/path><path d=\"m272.5 258.63c2.93 5.28 7 8.06 11.79 8.06a16 16 0 0 0 7.65-2.16c27.7-15.09 60.53-33 93.93-51.82 2.8-1.57 4.69-4.3 6.36-6.72.66-1 1.29-1.87 1.9-2.6l1-1.14-.55-1.39c-.5-1.26-.9-2.35-1.25-3.32a35.14 35.14 0 0 0 -2-4.77l-.1-.17c-14.91-27.07-30.33-55-45.94-83-4.52-8.11-11.83-10.2-20.05-5.72-30 16.36-61.27 33.5-92.87 51-8.24 4.55-10.42 11.81-6 19.93 14.92 27.4 30.45 55.62 46.13 83.82zm33.23-109.71c-.46-.85-.93-1.71-1.38-2.57l23.78-13.1 34.21 62-71.48 39.47-34.14-62.07 23.6-13.13c.72 1.1 1.42 2.3 2.1 3.48 3.66 6.32 8.67 15 20.32 8.45s6.68-15.77 2.99-22.53z\"><\/path><\/g><\/svg>\t\t\t<\/div>\n\t\t<\/div>\n\t\t\t\t\t\t<\/div>\n\t\t\t\t<\/div>\n\t\t\t\t<div class=\"elementor-element elementor-element-28e315b elementor-widget elementor-widget-heading\" data-id=\"28e315b\" data-element_type=\"widget\" data-e-type=\"widget\" data-widget_type=\"heading.default\">\n\t\t\t\t<div class=\"elementor-widget-container\">\n\t\t\t\t\t<h2 class=\"elementor-heading-title elementor-size-default\">Return of packaging<\/h2>\t\t\t\t<\/div>\n\t\t\t\t<\/div>\n\t\t\t\t<div class=\"elementor-element elementor-element-3bcad0a elementor-widget elementor-widget-text-editor\" data-id=\"3bcad0a\" data-element_type=\"widget\" data-e-type=\"widget\" data-widget_type=\"text-editor.default\">\n\t\t\t\t<div class=\"elementor-widget-container\">\n\t\t\t\t\t\t\t\t\t<p>We offer our customers the return of our delivered packaging, subject to prior notification. For the sake of the environment.<\/p>\t\t\t\t\t\t\t\t<\/div>\n\t\t\t\t<\/div>\n\t\t\t\t<\/div>\n\t\t<div class=\"elementor-element elementor-element-bf77d68 e-con-full e-flex e-con e-child\" data-id=\"bf77d68\" data-element_type=\"container\" data-e-type=\"container\" data-settings=\"{&quot;background_background&quot;:&quot;classic&quot;}\">\n\t\t\t\t<div class=\"elementor-element elementor-element-ab37583 elementor-widget elementor-widget-button\" data-id=\"ab37583\" data-element_type=\"widget\" data-e-type=\"widget\" data-widget_type=\"button.default\">\n\t\t\t\t<div class=\"elementor-widget-container\">\n\t\t\t\t\t\t\t\t\t<div class=\"elementor-button-wrapper\">\n\t\t\t\t\t<a class=\"elementor-button elementor-button-link elementor-size-sm\" href=\"tel:+497071944494\">\n\t\t\t\t\t\t<span class=\"elementor-button-content-wrapper\">\n\t\t\t\t\t\t\t\t\t<span class=\"elementor-button-text\">Call<\/span>\n\t\t\t\t\t<\/span>\n\t\t\t\t\t<\/a>\n\t\t\t\t<\/div>\n\t\t\t\t\t\t\t\t<\/div>\n\t\t\t\t<\/div>\n\t\t\t\t<\/div>\n\t\t\t\t<\/div>\n\t\t\t\t<\/div>\n\t\t\t\t<\/div>\n\t\t\t\t\t<\/div>\n\t\t\t\t<\/div>\n\t\t\t\t<\/div>","protected":false},"excerpt":{"rendered":"<p>Umwelt \/ Nachhaltigkeit Nachhaltig. Fair. Erfolgreich. Nachhaltigkeits- und Umweltschutzgrunds\u00e4tze Durch nachhaltiges und umweltschonendes Tun wollen wir wirtschaftliche Erfolge erzielen. Dabei sind uns Schutz und Erhaltung unserer nat\u00fcrlichen Lebensgrundlagen, Klimaschutz und Reduzierung sowie Vermeidung von Plastikm\u00fcll sehr wichtig. Grundlage f\u00fcr unser Handeln sind Akzeptanz und Toleranz sowie die Einhaltung nationaler und internationaler Gesetze und Normen. Dabei [&hellip;]<\/p>\n","protected":false},"author":5,"featured_media":0,"parent":1375,"menu_order":3,"comment_status":"closed","ping_status":"closed","template":"","meta":{"_acf_changed":false,"_seopress_robots_primary_cat":"","_seopress_titles_title":"Nachhaltigkeit & Klimaschutz bei matronic","_seopress_titles_desc":"matronic steht steht f\u00fcr Schutz und Erhaltung der nat\u00fcrlichen Lebensgrundlagen, Klimaschutz und Reduzierung sowie Vermeidung von Plastikm\u00fcll.","_seopress_robots_index":"","footnotes":""},"class_list":["post-2690","page","type-page","status-publish","hentry"],"acf":[],"_links":{"self":[{"href":"https:\/\/matronic.de\/en\/wp-json\/wp\/v2\/pages\/2690","targetHints":{"allow":["GET"]}}],"collection":[{"href":"https:\/\/matronic.de\/en\/wp-json\/wp\/v2\/pages"}],"about":[{"href":"https:\/\/matronic.de\/en\/wp-json\/wp\/v2\/types\/page"}],"author":[{"embeddable":true,"href":"https:\/\/matronic.de\/en\/wp-json\/wp\/v2\/users\/5"}],"replies":[{"embeddable":true,"href":"https:\/\/matronic.de\/en\/wp-json\/wp\/v2\/comments?post=2690"}],"version-history":[{"count":10,"href":"https:\/\/matronic.de\/en\/wp-json\/wp\/v2\/pages\/2690\/revisions"}],"predecessor-version":[{"id":2720,"href":"https:\/\/matronic.de\/en\/wp-json\/wp\/v2\/pages\/2690\/revisions\/2720"}],"up":[{"embeddable":true,"href":"https:\/\/matronic.de\/en\/wp-json\/wp\/v2\/pages\/1375"}],"wp:attachment":[{"href":"https:\/\/matronic.de\/en\/wp-json\/wp\/v2\/media?parent=2690"}],"curies":[{"name":"wp","href":"https:\/\/api.w.org\/{rel}","templated":true}]}}