{"id":2352,"date":"2026-01-14T14:10:48","date_gmt":"2026-01-14T13:10:48","guid":{"rendered":"https:\/\/matronic.de\/?page_id=2352"},"modified":"2026-02-26T17:49:20","modified_gmt":"2026-02-26T16:49:20","slug":"career","status":"publish","type":"page","link":"https:\/\/matronic.de\/en\/unternehmen\/karriere\/","title":{"rendered":"Career"},"content":{"rendered":"<div data-elementor-type=\"wp-page\" data-elementor-id=\"2352\" class=\"elementor elementor-2352\" data-elementor-post-type=\"page\">\n\t\t\t\t<div class=\"elementor-element elementor-element-4ff4063 e-flex e-con-boxed e-con e-parent\" data-id=\"4ff4063\" data-element_type=\"container\" data-e-type=\"container\" data-settings=\"{&quot;background_background&quot;:&quot;classic&quot;}\">\n\t\t\t\t\t<div class=\"e-con-inner\">\n\t\t<div class=\"elementor-element elementor-element-3e56217 e-flex e-con-boxed e-con e-child\" data-id=\"3e56217\" data-element_type=\"container\" data-e-type=\"container\">\n\t\t\t\t\t<div class=\"e-con-inner\">\n\t\t\t\t<div class=\"elementor-element elementor-element-d21bb27 elementor-widget elementor-widget-heading\" data-id=\"d21bb27\" data-element_type=\"widget\" data-e-type=\"widget\" data-widget_type=\"heading.default\">\n\t\t\t\t<div class=\"elementor-widget-container\">\n\t\t\t\t\t<h1 class=\"elementor-heading-title elementor-size-default\">Career<\/h1>\t\t\t\t<\/div>\n\t\t\t\t<\/div>\n\t\t\t\t\t<\/div>\n\t\t\t\t<\/div>\n\t\t\t\t\t<\/div>\n\t\t\t\t<\/div>\n\t\t<div class=\"elementor-element elementor-element-e34c922 e-flex e-con-boxed e-con e-parent\" data-id=\"e34c922\" data-element_type=\"container\" data-e-type=\"container\" data-settings=\"{&quot;background_background&quot;:&quot;classic&quot;}\">\n\t\t\t\t\t<div class=\"e-con-inner\">\n\t\t<div class=\"elementor-element elementor-element-89b78af e-con-full e-flex e-con e-child\" data-id=\"89b78af\" data-element_type=\"container\" data-e-type=\"container\">\n\t\t\t\t<div class=\"elementor-element elementor-element-1a21bc7 elementor-widget elementor-widget-heading\" data-id=\"1a21bc7\" data-element_type=\"widget\" data-e-type=\"widget\" data-widget_type=\"heading.default\">\n\t\t\t\t<div class=\"elementor-widget-container\">\n\t\t\t\t\t<h2 class=\"elementor-heading-title elementor-size-default\">Vacancies<\/h2>\t\t\t\t<\/div>\n\t\t\t\t<\/div>\n\t\t\t\t<div class=\"elementor-element elementor-element-8be7d79 elementor-widget elementor-widget-text-editor\" data-id=\"8be7d79\" data-element_type=\"widget\" data-e-type=\"widget\" data-widget_type=\"text-editor.default\">\n\t\t\t\t<div class=\"elementor-widget-container\">\n\t\t\t\t\t\t\t\t\tBelow you will find all current job vacancies at matronic.\t\t\t\t\t\t\t\t<\/div>\n\t\t\t\t<\/div>\n\t\t\t\t<\/div>\n\t\t<div class=\"elementor-element elementor-element-65cd3aa e-con-full e-flex e-con e-child\" data-id=\"65cd3aa\" data-element_type=\"container\" data-e-type=\"container\">\n\t\t<div class=\"elementor-element elementor-element-2b93eb4 e-con-full e-flex e-con e-child\" data-id=\"2b93eb4\" data-element_type=\"container\" data-e-type=\"container\" data-settings=\"{&quot;background_background&quot;:&quot;classic&quot;}\">\n\t\t\t\t<div class=\"elementor-element elementor-element-a74c939 elementor-view-default elementor-widget elementor-widget-icon\" data-id=\"a74c939\" data-element_type=\"widget\" data-e-type=\"widget\" data-widget_type=\"icon.default\">\n\t\t\t\t<div class=\"elementor-widget-container\">\n\t\t\t\t\t\t\t<div class=\"elementor-icon-wrapper\">\n\t\t\t<div class=\"elementor-icon\">\n\t\t\t<svg xmlns=\"http:\/\/www.w3.org\/2000\/svg\" viewbox=\"0 0 512 427.06\"><path d=\"m669 249.14a15 15 0 0 0 0-28.28l-241-85a15 15 0 0 0 -10 0l-241 85a15 15 0 0 0 0 28.28l95.47 33.94v97.85c0 16.14 16.84 29.8 50.07 40.59 29 9.4 64.65 14.57 100.48 14.57s71.52-5.17 100.48-14.57c33.23-10.79 50.08-24.44 50.08-40.59v-97.85l39.41-14v135.57a45.11 45.11 0 0 0 0 85.1v57.25a15 15 0 0 0 30 0v-57.25a45.11 45.11 0 0 0 0-85.1v-146.25zm-41 213.19a15.13 15.13 0 1 1 15.13-15.13 15.14 15.14 0 0 1 -15.13 15.13zm-205-296.45 196.07 69.18-196.07 69.7-196.07-69.7zm120.54 212.78c-2.88 2.9-13.17 9.84-36.4 16.47-24.78 7.07-54.67 11-84.16 11s-59.38-3.89-84.16-11c-23.23-6.63-33.52-13.57-36.4-16.47v-84.92l115.58 41.08a15.08 15.08 0 0 0 10 0l115.53-41.08v84.92z\" transform=\"translate(-166.98 -134.97)\"><\/path><\/svg>\t\t\t<\/div>\n\t\t<\/div>\n\t\t\t\t\t\t<\/div>\n\t\t\t\t<\/div>\n\t\t\t\t<div class=\"elementor-element elementor-element-7c68241 elementor-widget elementor-widget-heading\" data-id=\"7c68241\" data-element_type=\"widget\" data-e-type=\"widget\" data-widget_type=\"heading.default\">\n\t\t\t\t<div class=\"elementor-widget-container\">\n\t\t\t\t\t<h3 class=\"elementor-heading-title elementor-size-default\">Apprenticeship<\/h3>\t\t\t\t<\/div>\n\t\t\t\t<\/div>\n\t\t\t\t<div class=\"elementor-element elementor-element-a5c01dd elementor-widget elementor-widget-text-editor\" data-id=\"a5c01dd\" data-element_type=\"widget\" data-e-type=\"widget\" data-widget_type=\"text-editor.default\">\n\t\t\t\t<div class=\"elementor-widget-container\">\n\t\t\t\t\t\t\t\t\tEvery September, we offer one apprenticeship place for this profession:\t\t\t\t\t\t\t\t<\/div>\n\t\t\t\t<\/div>\n\t\t\t\t<div class=\"elementor-element elementor-element-5a32f6c elementor-widget elementor-widget-heading\" data-id=\"5a32f6c\" data-element_type=\"widget\" data-e-type=\"widget\" data-widget_type=\"heading.default\">\n\t\t\t\t<div class=\"elementor-widget-container\">\n\t\t\t\t\t<h4 class=\"elementor-heading-title elementor-size-default\">Wholesale and foreign trade clerks (f\/m\/d)<\/h4>\t\t\t\t<\/div>\n\t\t\t\t<\/div>\n\t\t\t\t<div class=\"elementor-element elementor-element-48bd117 elementor-widget elementor-widget-text-editor\" data-id=\"48bd117\" data-element_type=\"widget\" data-e-type=\"widget\" data-widget_type=\"text-editor.default\">\n\t\t\t\t<div class=\"elementor-widget-container\">\n\t\t\t\t\t\t\t\t\t<p>Prerequisite is a high school diploma or university entrance qualification<\/p><p>As an applicant, you should be open-minded and communicative, friendly and alert, active and committed. A good demeanour, a good command of English and good IT \/ Office skills are also desirable.<\/p><p>We offer you a very good comprehensive training programme with interesting practical activities in our friendly team and a good working atmosphere.<\/p>\t\t\t\t\t\t\t\t<\/div>\n\t\t\t\t<\/div>\n\t\t\t\t<\/div>\n\t\t<div class=\"elementor-element elementor-element-1d13b04 e-con-full e-flex e-con e-child\" data-id=\"1d13b04\" data-element_type=\"container\" data-e-type=\"container\" data-settings=\"{&quot;background_background&quot;:&quot;classic&quot;}\">\n\t\t\t\t<div class=\"elementor-element elementor-element-54ec8a9 elementor-widget elementor-widget-heading\" data-id=\"54ec8a9\" data-element_type=\"widget\" data-e-type=\"widget\" data-widget_type=\"heading.default\">\n\t\t\t\t<div class=\"elementor-widget-container\">\n\t\t\t\t\t<h3 class=\"elementor-heading-title elementor-size-default\">Your application<\/h3>\t\t\t\t<\/div>\n\t\t\t\t<\/div>\n\t\t\t\t<div class=\"elementor-element elementor-element-71823c3 elementor-widget elementor-widget-text-editor\" data-id=\"71823c3\" data-element_type=\"widget\" data-e-type=\"widget\" data-widget_type=\"text-editor.default\">\n\t\t\t\t<div class=\"elementor-widget-container\">\n\t\t\t\t\t\t\t\t\tPlease send your complete application documents with cover letter, CV and relevant certificates to:\t\t\t\t\t\t\t\t<\/div>\n\t\t\t\t<\/div>\n\t\t\t\t<div class=\"elementor-element elementor-element-d8e15ca elementor-widget elementor-widget-text-editor\" data-id=\"d8e15ca\" data-element_type=\"widget\" data-e-type=\"widget\" data-widget_type=\"text-editor.default\">\n\t\t\t\t<div class=\"elementor-widget-container\">\n\t\t\t\t\t\t\t\t\t<p>matronic GmbH &amp; Co.<br \/>Electronic-Vertriebs KG<\/p><p>Vor dem Kreuzberg 29<br \/>72070 T\u00fcbingen<\/p>\t\t\t\t\t\t\t\t<\/div>\n\t\t\t\t<\/div>\n\t\t\t\t<div class=\"elementor-element elementor-element-8d75fec elementor-widget elementor-widget-heading\" data-id=\"8d75fec\" data-element_type=\"widget\" data-e-type=\"widget\" data-widget_type=\"heading.default\">\n\t\t\t\t<div class=\"elementor-widget-container\">\n\t\t\t\t\t<h4 class=\"elementor-heading-title elementor-size-default\">Contact person: Mr K\u00fcssner<\/h4>\t\t\t\t<\/div>\n\t\t\t\t<\/div>\n\t\t\t\t<div class=\"elementor-element elementor-element-eb54303 elementor-icon-list--layout-traditional elementor-list-item-link-full_width elementor-widget elementor-widget-icon-list\" data-id=\"eb54303\" data-element_type=\"widget\" data-e-type=\"widget\" data-widget_type=\"icon-list.default\">\n\t\t\t\t<div class=\"elementor-widget-container\">\n\t\t\t\t\t\t\t<ul class=\"elementor-icon-list-items\">\n\t\t\t\t\t\t\t<li class=\"elementor-icon-list-item\">\n\t\t\t\t\t\t\t\t\t\t\t<a href=\"tel:+497071944463\">\n\n\t\t\t\t\t\t\t\t\t\t\t\t<span class=\"elementor-icon-list-icon\">\n\t\t\t\t\t\t\t<svg aria-hidden=\"true\" class=\"e-font-icon-svg e-fas-phone-alt\" viewbox=\"0 0 512 512\" xmlns=\"http:\/\/www.w3.org\/2000\/svg\"><path d=\"M497.39 361.8l-112-48a24 24 0 0 0-28 6.9l-49.6 60.6A370.66 370.66 0 0 1 130.6 204.11l60.6-49.6a23.94 23.94 0 0 0 6.9-28l-48-112A24.16 24.16 0 0 0 122.6.61l-104 24A24 24 0 0 0 0 48c0 256.5 207.9 464 464 464a24 24 0 0 0 23.4-18.6l24-104a24.29 24.29 0 0 0-14.01-27.6z\"><\/path><\/svg>\t\t\t\t\t\t<\/span>\n\t\t\t\t\t\t\t\t\t\t<span class=\"elementor-icon-list-text\">+49 7071 9444-63<\/span>\n\t\t\t\t\t\t\t\t\t\t\t<\/a>\n\t\t\t\t\t\t\t\t\t<\/li>\n\t\t\t\t\t\t\t\t<li class=\"elementor-icon-list-item\">\n\t\t\t\t\t\t\t\t\t\t\t<a href=\"mailto:bewerbung@matronic.de\">\n\n\t\t\t\t\t\t\t\t\t\t\t\t<span class=\"elementor-icon-list-icon\">\n\t\t\t\t\t\t\t<svg aria-hidden=\"true\" class=\"e-font-icon-svg e-fas-envelope\" viewbox=\"0 0 512 512\" xmlns=\"http:\/\/www.w3.org\/2000\/svg\"><path d=\"M502.3 190.8c3.9-3.1 9.7-.2 9.7 4.7V400c0 26.5-21.5 48-48 48H48c-26.5 0-48-21.5-48-48V195.6c0-5 5.7-7.8 9.7-4.7 22.4 17.4 52.1 39.5 154.1 113.6 21.1 15.4 56.7 47.8 92.2 47.6 35.7.3 72-32.8 92.3-47.6 102-74.1 131.6-96.3 154-113.7zM256 320c23.2.4 56.6-29.2 73.4-41.4 132.7-96.3 142.8-104.7 173.4-128.7 5.8-4.5 9.2-11.5 9.2-18.9v-19c0-26.5-21.5-48-48-48H48C21.5 64 0 85.5 0 112v19c0 7.4 3.4 14.3 9.2 18.9 30.6 23.9 40.7 32.4 173.4 128.7 16.8 12.2 50.2 41.8 73.4 41.4z\"><\/path><\/svg>\t\t\t\t\t\t<\/span>\n\t\t\t\t\t\t\t\t\t\t<span class=\"elementor-icon-list-text\">bewerbung@matronic.de<\/span>\n\t\t\t\t\t\t\t\t\t\t\t<\/a>\n\t\t\t\t\t\t\t\t\t<\/li>\n\t\t\t\t\t\t<\/ul>\n\t\t\t\t\t\t<\/div>\n\t\t\t\t<\/div>\n\t\t\t\t<\/div>\n\t\t\t\t<\/div>\n\t\t\t\t\t<\/div>\n\t\t\t\t<\/div>\n\t\t\t\t<\/div>","protected":false},"excerpt":{"rendered":"<p>Karriere Stellenangebote Nachfolgend finden Sie alle aktuellen Stellenangebote der matronic. Ausbildungsplatz J\u00e4hrlich per September stellen wir einen Ausbildungsplatz zur Verf\u00fcgung f\u00fcr den Beruf: Kaufleute im Gro\u00df- und Au\u00dfenhandel (w\/m\/d) Voraussetzung ist Abitur oder FH-Reife Als Bewerber\/in sollten Sie aufgeschlossen und Kommunikationsfreudig sein, freundlich und aufgeweckt, aktiv und engagiert. Gutes Auftreten, gute Englischkenntnisse und gute EDV [&hellip;]<\/p>\n","protected":false},"author":5,"featured_media":0,"parent":1375,"menu_order":2,"comment_status":"closed","ping_status":"closed","template":"","meta":{"_acf_changed":false,"_seopress_robots_primary_cat":"","_seopress_titles_title":"Karriere: Ausbildungsplatz im Gro\u00dfhandel","_seopress_titles_desc":"Werden Sie Teil des matronic Teams! Hier finden Sie alle aktuellen Stellenangebote der matronic GmbH & Co.","_seopress_robots_index":"","footnotes":""},"class_list":["post-2352","page","type-page","status-publish","hentry"],"acf":[],"_links":{"self":[{"href":"https:\/\/matronic.de\/en\/wp-json\/wp\/v2\/pages\/2352","targetHints":{"allow":["GET"]}}],"collection":[{"href":"https:\/\/matronic.de\/en\/wp-json\/wp\/v2\/pages"}],"about":[{"href":"https:\/\/matronic.de\/en\/wp-json\/wp\/v2\/types\/page"}],"author":[{"embeddable":true,"href":"https:\/\/matronic.de\/en\/wp-json\/wp\/v2\/users\/5"}],"replies":[{"embeddable":true,"href":"https:\/\/matronic.de\/en\/wp-json\/wp\/v2\/comments?post=2352"}],"version-history":[{"count":10,"href":"https:\/\/matronic.de\/en\/wp-json\/wp\/v2\/pages\/2352\/revisions"}],"predecessor-version":[{"id":2623,"href":"https:\/\/matronic.de\/en\/wp-json\/wp\/v2\/pages\/2352\/revisions\/2623"}],"up":[{"embeddable":true,"href":"https:\/\/matronic.de\/en\/wp-json\/wp\/v2\/pages\/1375"}],"wp:attachment":[{"href":"https:\/\/matronic.de\/en\/wp-json\/wp\/v2\/media?parent=2352"}],"curies":[{"name":"wp","href":"https:\/\/api.w.org\/{rel}","templated":true}]}}