{"id":1371,"date":"2025-06-18T10:35:45","date_gmt":"2025-06-18T08:35:45","guid":{"rendered":"https:\/\/matronic.de\/?page_id=1371"},"modified":"2026-02-26T17:42:06","modified_gmt":"2026-02-26T16:42:06","slug":"sales-programme","status":"publish","type":"page","link":"https:\/\/matronic.de\/en\/vertriebsprogramm\/","title":{"rendered":"Distribution program"},"content":{"rendered":"<div data-elementor-type=\"wp-page\" data-elementor-id=\"1371\" class=\"elementor elementor-1371\" data-elementor-post-type=\"page\">\n\t\t\t\t<div class=\"elementor-element elementor-element-6c8d340 e-flex e-con-boxed e-con e-parent\" data-id=\"6c8d340\" data-element_type=\"container\" data-e-type=\"container\" data-settings=\"{&quot;background_background&quot;:&quot;classic&quot;}\">\n\t\t\t\t\t<div class=\"e-con-inner\">\n\t\t<div class=\"elementor-element elementor-element-aedd26e e-flex e-con-boxed e-con e-child\" data-id=\"aedd26e\" data-element_type=\"container\" data-e-type=\"container\">\n\t\t\t\t\t<div class=\"e-con-inner\">\n\t\t\t\t<div class=\"elementor-element elementor-element-3dcefec elementor-widget elementor-widget-heading\" data-id=\"3dcefec\" data-element_type=\"widget\" data-e-type=\"widget\" data-widget_type=\"heading.default\">\n\t\t\t\t<div class=\"elementor-widget-container\">\n\t\t\t\t\t<h1 class=\"elementor-heading-title elementor-size-default\">Distribution program<\/h1>\t\t\t\t<\/div>\n\t\t\t\t<\/div>\n\t\t\t\t\t<\/div>\n\t\t\t\t<\/div>\n\t\t\t\t\t<\/div>\n\t\t\t\t<\/div>\n\t\t<div class=\"elementor-element elementor-element-7d0065f e-flex e-con-boxed e-con e-parent\" data-id=\"7d0065f\" data-element_type=\"container\" data-e-type=\"container\" data-settings=\"{&quot;background_background&quot;:&quot;classic&quot;}\">\n\t\t\t\t\t<div class=\"e-con-inner\">\n\t\t<div class=\"elementor-element elementor-element-cd6e03e e-con-full e-flex e-con e-child\" data-id=\"cd6e03e\" data-element_type=\"container\" data-e-type=\"container\">\n\t\t<div class=\"elementor-element elementor-element-4d902f5 e-con-full e-flex e-con e-child\" data-id=\"4d902f5\" data-element_type=\"container\" data-e-type=\"container\" data-settings=\"{&quot;background_background&quot;:&quot;classic&quot;}\">\n\t\t\t\t<div class=\"elementor-element elementor-element-7974e40 elementor-widget elementor-widget-heading\" data-id=\"7974e40\" data-element_type=\"widget\" data-e-type=\"widget\" data-widget_type=\"heading.default\">\n\t\t\t\t<div class=\"elementor-widget-container\">\n\t\t\t\t\t<h3 class=\"elementor-heading-title elementor-size-default\">Linecard<\/h3>\t\t\t\t<\/div>\n\t\t\t\t<\/div>\n\t\t\t\t<div class=\"elementor-element elementor-element-21ba028 elementor-widget elementor-widget-text-editor\" data-id=\"21ba028\" data-element_type=\"widget\" data-e-type=\"widget\" data-widget_type=\"text-editor.default\">\n\t\t\t\t<div class=\"elementor-widget-container\">\n\t\t\t\t\t\t\t\t\tOur line card offers you a compact overview of selected manufacturers and products from the active and passive components sectors - clear, up-to-date and ideal for your project planning.\t\t\t\t\t\t\t\t<\/div>\n\t\t\t\t<\/div>\n\t\t\t\t<div class=\"elementor-element elementor-element-4a31c0b elementor-widget elementor-widget-button\" data-id=\"4a31c0b\" data-element_type=\"widget\" data-e-type=\"widget\" data-widget_type=\"button.default\">\n\t\t\t\t<div class=\"elementor-widget-container\">\n\t\t\t\t\t\t\t\t\t<div class=\"elementor-button-wrapper\">\n\t\t\t\t\t<a class=\"elementor-button elementor-button-link elementor-size-sm\" href=\"https:\/\/matronic.de\/en\/sales-programme\/linecard\/\">\n\t\t\t\t\t\t<span class=\"elementor-button-content-wrapper\">\n\t\t\t\t\t\t\t\t\t<span class=\"elementor-button-text\">learn more<\/span>\n\t\t\t\t\t<\/span>\n\t\t\t\t\t<\/a>\n\t\t\t\t<\/div>\n\t\t\t\t\t\t\t\t<\/div>\n\t\t\t\t<\/div>\n\t\t\t\t<\/div>\n\t\t<div class=\"elementor-element elementor-element-a656e6e e-con-full e-flex e-con e-child\" data-id=\"a656e6e\" data-element_type=\"container\" data-e-type=\"container\" data-settings=\"{&quot;background_background&quot;:&quot;classic&quot;}\">\n\t\t\t\t<div class=\"elementor-element elementor-element-74803d9 elementor-widget elementor-widget-heading\" data-id=\"74803d9\" data-element_type=\"widget\" data-e-type=\"widget\" data-widget_type=\"heading.default\">\n\t\t\t\t<div class=\"elementor-widget-container\">\n\t\t\t\t\t<h3 class=\"elementor-heading-title elementor-size-default\">Our partners<\/h3>\t\t\t\t<\/div>\n\t\t\t\t<\/div>\n\t\t\t\t<div class=\"elementor-element elementor-element-98fc974 elementor-widget elementor-widget-text-editor\" data-id=\"98fc974\" data-element_type=\"widget\" data-e-type=\"widget\" data-widget_type=\"text-editor.default\">\n\t\t\t\t<div class=\"elementor-widget-container\">\n\t\t\t\t\t\t\t\t\tOur partners stand for quality and technological expertise. Together, we offer a broad portfolio of manufacturers and products to realise tailor-made solutions for your individual requirements.\t\t\t\t\t\t\t\t<\/div>\n\t\t\t\t<\/div>\n\t\t\t\t<div class=\"elementor-element elementor-element-6b567e6 elementor-widget elementor-widget-button\" data-id=\"6b567e6\" data-element_type=\"widget\" data-e-type=\"widget\" data-widget_type=\"button.default\">\n\t\t\t\t<div class=\"elementor-widget-container\">\n\t\t\t\t\t\t\t\t\t<div class=\"elementor-button-wrapper\">\n\t\t\t\t\t<a class=\"elementor-button elementor-button-link elementor-size-sm\" href=\"https:\/\/matronic.de\/en\/sales-programme\/our-partners\/\">\n\t\t\t\t\t\t<span class=\"elementor-button-content-wrapper\">\n\t\t\t\t\t\t\t\t\t<span class=\"elementor-button-text\">Our partners<\/span>\n\t\t\t\t\t<\/span>\n\t\t\t\t\t<\/a>\n\t\t\t\t<\/div>\n\t\t\t\t\t\t\t\t<\/div>\n\t\t\t\t<\/div>\n\t\t\t\t<\/div>\n\t\t\t\t<\/div>\n\t\t\t\t\t<\/div>\n\t\t\t\t<\/div>\n\t\t<div class=\"elementor-element elementor-element-c5a27d0 e-flex e-con-boxed e-con e-parent\" data-id=\"c5a27d0\" data-element_type=\"container\" data-e-type=\"container\" data-settings=\"{&quot;background_background&quot;:&quot;classic&quot;}\">\n\t\t\t\t\t<div class=\"e-con-inner\">\n\t\t<div class=\"elementor-element elementor-element-2ec1460 e-con-full e-flex e-con e-child\" data-id=\"2ec1460\" data-element_type=\"container\" data-e-type=\"container\">\n\t\t\t\t<div class=\"elementor-element elementor-element-007db6f elementor-widget elementor-widget-heading\" data-id=\"007db6f\" data-element_type=\"widget\" data-e-type=\"widget\" data-widget_type=\"heading.default\">\n\t\t\t\t<div class=\"elementor-widget-container\">\n\t\t\t\t\t<h2 class=\"elementor-heading-title elementor-size-default\">Our partners at a glance<\/h2>\t\t\t\t<\/div>\n\t\t\t\t<\/div>\n\t\t\t\t<\/div>\n\t\t<div class=\"elementor-element elementor-element-cc3567e e-con-full e-flex e-con e-child\" data-id=\"cc3567e\" data-element_type=\"container\" data-e-type=\"container\">\n\t\t\t\t<div class=\"elementor-element elementor-element-4adaf0c elementor-arrows-position-outside elementor-pagination-position-outside elementor-widget elementor-widget-image-carousel\" data-id=\"4adaf0c\" data-element_type=\"widget\" data-e-type=\"widget\" data-settings=\"{&quot;slides_to_show&quot;:&quot;5&quot;,&quot;slides_to_scroll&quot;:&quot;2&quot;,&quot;image_spacing_custom&quot;:{&quot;unit&quot;:&quot;px&quot;,&quot;size&quot;:36,&quot;sizes&quot;:[]},&quot;navigation&quot;:&quot;both&quot;,&quot;autoplay&quot;:&quot;yes&quot;,&quot;pause_on_hover&quot;:&quot;yes&quot;,&quot;pause_on_interaction&quot;:&quot;yes&quot;,&quot;autoplay_speed&quot;:5000,&quot;infinite&quot;:&quot;yes&quot;,&quot;speed&quot;:500,&quot;image_spacing_custom_laptop&quot;:{&quot;unit&quot;:&quot;px&quot;,&quot;size&quot;:&quot;&quot;,&quot;sizes&quot;:[]},&quot;image_spacing_custom_tablet&quot;:{&quot;unit&quot;:&quot;px&quot;,&quot;size&quot;:&quot;&quot;,&quot;sizes&quot;:[]},&quot;image_spacing_custom_mobile&quot;:{&quot;unit&quot;:&quot;px&quot;,&quot;size&quot;:&quot;&quot;,&quot;sizes&quot;:[]}}\" data-widget_type=\"image-carousel.default\">\n\t\t\t\t<div class=\"elementor-widget-container\">\n\t\t\t\t\t\t\t<div class=\"elementor-image-carousel-wrapper swiper\" role=\"region\" aria-roledescription=\"carousel\" aria-label=\"Picture carousel\" dir=\"ltr\">\n\t\t\t<div class=\"elementor-image-carousel swiper-wrapper\" aria-live=\"off\">\n\t\t\t\t\t\t\t\t<div class=\"swiper-slide\" role=\"group\" aria-roledescription=\"slide\" aria-label=\"1 from 11\"><a data-elementor-open-lightbox=\"yes\" data-elementor-lightbox-slideshow=\"4adaf0c\" data-e-action-hash=\"#elementor-action%3Aaction%3Dlightbox%26settings%3DeyJpZCI6MTYxMCwidXJsIjoiaHR0cHM6XC9cL21hdHJvbmljLmRlXC93cC1jb250ZW50XC91cGxvYWRzXC8yMDI1XC8wNlwvYWxsZWdyby1sb2dvLnBuZyIsInNsaWRlc2hvdyI6IjRhZGFmMGMifQ%3D%3D\" href=\"https:\/\/matronic.de\/en\/sales-programme\/our-partners\/\"><figure class=\"swiper-slide-inner\"><img decoding=\"async\" class=\"swiper-slide-image\" src=\"https:\/\/matronic.de\/wp-content\/uploads\/2025\/06\/allegro-logo.png\" alt=\"\" \/><\/figure><\/a><\/div><div class=\"swiper-slide\" role=\"group\" aria-roledescription=\"slide\" aria-label=\"2 from 11\"><a data-elementor-open-lightbox=\"yes\" data-elementor-lightbox-slideshow=\"4adaf0c\" data-e-action-hash=\"#elementor-action%3Aaction%3Dlightbox%26settings%3DeyJpZCI6MTYxNCwidXJsIjoiaHR0cHM6XC9cL21hdHJvbmljLmRlXC93cC1jb250ZW50XC91cGxvYWRzXC8yMDI1XC8wNlwvZXNrYS1sb2dvLnBuZyIsInNsaWRlc2hvdyI6IjRhZGFmMGMifQ%3D%3D\" href=\"https:\/\/matronic.de\/en\/sales-programme\/our-partners\/\"><figure class=\"swiper-slide-inner\"><img decoding=\"async\" class=\"swiper-slide-image\" src=\"https:\/\/matronic.de\/wp-content\/uploads\/2025\/06\/eska-logo.png\" alt=\"\" \/><\/figure><\/a><\/div><div class=\"swiper-slide\" role=\"group\" aria-roledescription=\"slide\" aria-label=\"3 from 11\"><a data-elementor-open-lightbox=\"yes\" data-elementor-lightbox-slideshow=\"4adaf0c\" data-e-action-hash=\"#elementor-action%3Aaction%3Dlightbox%26settings%3DeyJpZCI6MTYxOCwidXJsIjoiaHR0cHM6XC9cL21hdHJvbmljLmRlXC93cC1jb250ZW50XC91cGxvYWRzXC8yMDI1XC8wNlwvcGVybWFuZW50bWFnbmV0ZS1sb2dvLnBuZyIsInNsaWRlc2hvdyI6IjRhZGFmMGMifQ%3D%3D\" href=\"https:\/\/matronic.de\/en\/sales-programme\/our-partners\/\"><figure class=\"swiper-slide-inner\"><img decoding=\"async\" class=\"swiper-slide-image\" src=\"https:\/\/matronic.de\/wp-content\/uploads\/2025\/06\/permanentmagnete-logo.png\" alt=\"\" \/><\/figure><\/a><\/div><div class=\"swiper-slide\" role=\"group\" aria-roledescription=\"slide\" aria-label=\"4 from 11\"><a data-elementor-open-lightbox=\"yes\" data-elementor-lightbox-slideshow=\"4adaf0c\" data-e-action-hash=\"#elementor-action%3Aaction%3Dlightbox%26settings%3DeyJpZCI6MTQ5NywidXJsIjoiaHR0cHM6XC9cL21hdHJvbmljLmRlXC93cC1jb250ZW50XC91cGxvYWRzXC8yMDI1XC8wNlwvTkNDLUxvZ28tbmV1LWZyZWkucG5nIiwic2xpZGVzaG93IjoiNGFkYWYwYyJ9\" href=\"https:\/\/matronic.de\/en\/sales-programme\/our-partners\/\"><figure class=\"swiper-slide-inner\"><img decoding=\"async\" class=\"swiper-slide-image\" src=\"https:\/\/matronic.de\/wp-content\/uploads\/2025\/06\/NCC-Logo-neu-frei.png\" alt=\"\" \/><\/figure><\/a><\/div><div class=\"swiper-slide\" role=\"group\" aria-roledescription=\"slide\" aria-label=\"5 from 11\"><a data-elementor-open-lightbox=\"yes\" data-elementor-lightbox-slideshow=\"4adaf0c\" data-elementor-lightbox-title=\"ate-logo\" data-e-action-hash=\"#elementor-action%3Aaction%3Dlightbox%26settings%3DeyJpZCI6MTYyNCwidXJsIjoiaHR0cHM6XC9cL21hdHJvbmljLmRlXC93cC1jb250ZW50XC91cGxvYWRzXC8yMDI1XC8wNlwvYXRlLWxvZ28ucG5nIiwic2xpZGVzaG93IjoiNGFkYWYwYyJ9\" href=\"https:\/\/matronic.de\/en\/sales-programme\/our-partners\/\"><figure class=\"swiper-slide-inner\"><img decoding=\"async\" class=\"swiper-slide-image\" src=\"https:\/\/matronic.de\/wp-content\/uploads\/2025\/06\/ate-logo.png\" alt=\"ate-logo\" \/><\/figure><\/a><\/div><div class=\"swiper-slide\" role=\"group\" aria-roledescription=\"slide\" aria-label=\"6 from 11\"><a data-elementor-open-lightbox=\"yes\" data-elementor-lightbox-slideshow=\"4adaf0c\" data-e-action-hash=\"#elementor-action%3Aaction%3Dlightbox%26settings%3DeyJpZCI6MTYyNSwidXJsIjoiaHR0cHM6XC9cL21hdHJvbmljLmRlXC93cC1jb250ZW50XC91cGxvYWRzXC8yMDI1XC8wNlwvdGRrLWxvZ28ucG5nIiwic2xpZGVzaG93IjoiNGFkYWYwYyJ9\" href=\"https:\/\/matronic.de\/en\/sales-programme\/our-partners\/\"><figure class=\"swiper-slide-inner\"><img decoding=\"async\" class=\"swiper-slide-image\" src=\"https:\/\/matronic.de\/wp-content\/uploads\/2025\/06\/tdk-logo.png\" alt=\"\" \/><\/figure><\/a><\/div><div class=\"swiper-slide\" role=\"group\" aria-roledescription=\"slide\" aria-label=\"7 from 11\"><a data-elementor-open-lightbox=\"yes\" data-elementor-lightbox-slideshow=\"4adaf0c\" data-e-action-hash=\"#elementor-action%3Aaction%3Dlightbox%26settings%3DeyJpZCI6MTYyNiwidXJsIjoiaHR0cHM6XC9cL21hdHJvbmljLmRlXC93cC1jb250ZW50XC91cGxvYWRzXC8yMDI1XC8wNlwvYWNlaW5uYS1sb2dvLnBuZyIsInNsaWRlc2hvdyI6IjRhZGFmMGMifQ%3D%3D\" href=\"https:\/\/matronic.de\/en\/sales-programme\/our-partners\/\"><figure class=\"swiper-slide-inner\"><img decoding=\"async\" class=\"swiper-slide-image\" src=\"https:\/\/matronic.de\/wp-content\/uploads\/2025\/06\/aceinna-logo.png\" alt=\"\" \/><\/figure><\/a><\/div><div class=\"swiper-slide\" role=\"group\" aria-roledescription=\"slide\" aria-label=\"8 from 11\"><a data-elementor-open-lightbox=\"yes\" data-elementor-lightbox-slideshow=\"4adaf0c\" data-e-action-hash=\"#elementor-action%3Aaction%3Dlightbox%26settings%3DeyJpZCI6MTYzMCwidXJsIjoiaHR0cHM6XC9cL21hdHJvbmljLmRlXC93cC1jb250ZW50XC91cGxvYWRzXC8yMDI1XC8wNlwvY3JvY3VzLWxvZ28ucG5nIiwic2xpZGVzaG93IjoiNGFkYWYwYyJ9\" href=\"https:\/\/matronic.de\/en\/sales-programme\/our-partners\/\"><figure class=\"swiper-slide-inner\"><img decoding=\"async\" class=\"swiper-slide-image\" src=\"https:\/\/matronic.de\/wp-content\/uploads\/2025\/06\/crocus-logo.png\" alt=\"\" \/><\/figure><\/a><\/div><div class=\"swiper-slide\" role=\"group\" aria-roledescription=\"slide\" aria-label=\"9 from 11\"><a data-elementor-open-lightbox=\"yes\" data-elementor-lightbox-slideshow=\"4adaf0c\" data-e-action-hash=\"#elementor-action%3Aaction%3Dlightbox%26settings%3DeyJpZCI6MTYzNCwidXJsIjoiaHR0cHM6XC9cL21hdHJvbmljLmRlXC93cC1jb250ZW50XC91cGxvYWRzXC8yMDI1XC8wNlwvbWVtc2ljLWxvZ28ucG5nIiwic2xpZGVzaG93IjoiNGFkYWYwYyJ9\" href=\"https:\/\/matronic.de\/en\/sales-programme\/our-partners\/\"><figure class=\"swiper-slide-inner\"><img decoding=\"async\" class=\"swiper-slide-image\" src=\"https:\/\/matronic.de\/wp-content\/uploads\/2025\/06\/memsic-logo.png\" alt=\"\" \/><\/figure><\/a><\/div><div class=\"swiper-slide\" role=\"group\" aria-roledescription=\"slide\" aria-label=\"10 from 11\"><a data-elementor-open-lightbox=\"yes\" data-elementor-lightbox-slideshow=\"4adaf0c\" data-e-action-hash=\"#elementor-action%3Aaction%3Dlightbox%26settings%3DeyJpZCI6MTYzOCwidXJsIjoiaHR0cHM6XC9cL21hdHJvbmljLmRlXC93cC1jb250ZW50XC91cGxvYWRzXC8yMDI1XC8wNlwvbWljcm90ZWNoLWxvZ28ucG5nIiwic2xpZGVzaG93IjoiNGFkYWYwYyJ9\" href=\"https:\/\/matronic.de\/en\/sales-programme\/our-partners\/\"><figure class=\"swiper-slide-inner\"><img decoding=\"async\" class=\"swiper-slide-image\" src=\"https:\/\/matronic.de\/wp-content\/uploads\/2025\/06\/microtech-logo.png\" alt=\"\" \/><\/figure><\/a><\/div><div class=\"swiper-slide\" role=\"group\" aria-roledescription=\"slide\" aria-label=\"11 from 11\"><a data-elementor-open-lightbox=\"yes\" data-elementor-lightbox-slideshow=\"4adaf0c\" data-e-action-hash=\"#elementor-action%3Aaction%3Dlightbox%26settings%3DeyJpZCI6MTY0MCwidXJsIjoiaHR0cHM6XC9cL21hdHJvbmljLmRlXC93cC1jb250ZW50XC91cGxvYWRzXC8yMDI1XC8wNlwvbHplLWxvZ28ucG5nIiwic2xpZGVzaG93IjoiNGFkYWYwYyJ9\" href=\"https:\/\/matronic.de\/en\/sales-programme\/our-partners\/\"><figure class=\"swiper-slide-inner\"><img decoding=\"async\" class=\"swiper-slide-image\" src=\"https:\/\/matronic.de\/wp-content\/uploads\/2025\/06\/lze-logo.png\" alt=\"\" \/><\/figure><\/a><\/div>\t\t\t<\/div>\n\t\t\t\t\t\t\t\t\t\t\t\t<div class=\"elementor-swiper-button elementor-swiper-button-prev\" role=\"button\" tabindex=\"0\">\n\t\t\t\t\t\t<svg aria-hidden=\"true\" class=\"e-font-icon-svg e-eicon-chevron-left\" viewbox=\"0 0 1000 1000\" xmlns=\"http:\/\/www.w3.org\/2000\/svg\"><path d=\"M646 125C629 125 613 133 604 142L308 442C296 454 292 471 292 487 292 504 296 521 308 533L604 854C617 867 629 875 646 875 663 875 679 871 692 858 704 846 713 829 713 812 713 796 708 779 692 767L438 487 692 225C700 217 708 204 708 187 708 171 704 154 692 142 675 129 663 125 646 125Z\"><\/path><\/svg>\t\t\t\t\t<\/div>\n\t\t\t\t\t<div class=\"elementor-swiper-button elementor-swiper-button-next\" role=\"button\" tabindex=\"0\">\n\t\t\t\t\t\t<svg aria-hidden=\"true\" class=\"e-font-icon-svg e-eicon-chevron-right\" viewbox=\"0 0 1000 1000\" xmlns=\"http:\/\/www.w3.org\/2000\/svg\"><path d=\"M696 533C708 521 713 504 713 487 713 471 708 454 696 446L400 146C388 133 375 125 354 125 338 125 325 129 313 142 300 154 292 171 292 187 292 204 296 221 308 233L563 492 304 771C292 783 288 800 288 817 288 833 296 850 308 863 321 871 338 875 354 875 371 875 388 867 400 854L696 533Z\"><\/path><\/svg>\t\t\t\t\t<\/div>\n\t\t\t\t\n\t\t\t\t\t\t\t\t\t<div class=\"swiper-pagination\"><\/div>\n\t\t\t\t\t\t\t\t\t<\/div>\n\t\t\t\t\t\t<\/div>\n\t\t\t\t<\/div>\n\t\t\t\t<\/div>\n\t\t\t\t\t<\/div>\n\t\t\t\t<\/div>\n\t\t\t\t<\/div>","protected":false},"excerpt":{"rendered":"<p>Vertriebsprogramm Linecard Unsere Linecard bietet Ihnen einen kompakten \u00dcberblick \u00fcber ausgew\u00e4hlte Hersteller und Produkte aus den Bereichen aktive und passive Bauteile \u2013 \u00fcbersichtlich, aktuell und ideal f\u00fcr Ihre Projektplanung. mehr erfahren Unsere Partner Unsere Partner stehen f\u00fcr Qualit\u00e4t und technologische Kompetenz. Gemeinsam bieten wir ein breites Portfolio an Herstellern und Produkten, um passgenaue L\u00f6sungen f\u00fcr [&hellip;]<\/p>\n","protected":false},"author":5,"featured_media":0,"parent":0,"menu_order":1,"comment_status":"closed","ping_status":"closed","template":"","meta":{"_acf_changed":false,"_seopress_robots_primary_cat":"","_seopress_titles_title":"Linecard & Partner f\u00fcr elektronische Bauteile","_seopress_titles_desc":"In unserer kundenorientierten Vertriebsstruktur stehen Wunsch und Nutzen des Kunden an vorderster Stelle.","_seopress_robots_index":"","footnotes":""},"class_list":["post-1371","page","type-page","status-publish","hentry"],"acf":[],"_links":{"self":[{"href":"https:\/\/matronic.de\/en\/wp-json\/wp\/v2\/pages\/1371","targetHints":{"allow":["GET"]}}],"collection":[{"href":"https:\/\/matronic.de\/en\/wp-json\/wp\/v2\/pages"}],"about":[{"href":"https:\/\/matronic.de\/en\/wp-json\/wp\/v2\/types\/page"}],"author":[{"embeddable":true,"href":"https:\/\/matronic.de\/en\/wp-json\/wp\/v2\/users\/5"}],"replies":[{"embeddable":true,"href":"https:\/\/matronic.de\/en\/wp-json\/wp\/v2\/comments?post=1371"}],"version-history":[{"count":10,"href":"https:\/\/matronic.de\/en\/wp-json\/wp\/v2\/pages\/1371\/revisions"}],"predecessor-version":[{"id":2618,"href":"https:\/\/matronic.de\/en\/wp-json\/wp\/v2\/pages\/1371\/revisions\/2618"}],"wp:attachment":[{"href":"https:\/\/matronic.de\/en\/wp-json\/wp\/v2\/media?parent=1371"}],"curies":[{"name":"wp","href":"https:\/\/api.w.org\/{rel}","templated":true}]}}